{"id":1308,"date":"2022-11-28T08:14:47","date_gmt":"2022-11-28T08:14:47","guid":{"rendered":"https:\/\/nt.mynewwebsite.be\/reimbursement-french\/"},"modified":"2024-04-05T10:23:52","modified_gmt":"2024-04-05T10:23:52","slug":"remboursement","status":"publish","type":"page","link":"https:\/\/nextherapy.ch\/fr\/remboursement\/","title":{"rendered":"Remboursement"},"content":{"rendered":"<div id=\"cs-content\" class=\"cs-content\"><\/div>\n","protected":false},"excerpt":{"rendered":"<p>Remboursement Nextherapy ne facture pas de frais suppl\u00e9mentaires pour l&rsquo;utilisation des technologies avanc\u00e9es et nos th\u00e9rapies sont rembours\u00e9es par les codes tarifaires de base de la sant\u00e9 et des accidents.Accept\u00e9 par l&rsquo;assurance maladie et accident de base 1.Apportez l&rsquo;ordonnance de votre m\u00e9decin pour la physioth\u00e9rapie et\/ou l\u2019ergoth\u00e9rapie si vous en avez une ou nous pouvons en demander une en votre &#8230; <\/p>\n<div><a href=\"https:\/\/nextherapy.ch\/fr\/remboursement\/\" class=\"more-link\">Read More<\/a><\/div>\n","protected":false},"author":4,"featured_media":0,"parent":0,"menu_order":0,"comment_status":"closed","ping_status":"closed","template":"template-blank-4.php","meta":{"_acf_changed":false,"_seopress_robots_primary_cat":"","_seopress_titles_title":"","_seopress_titles_desc":"","_seopress_robots_index":"","inline_featured_image":false,"footnotes":""},"class_list":["post-1308","page","type-page","status-publish","hentry","no-post-thumbnail"],"acf":[],"_links":{"self":[{"href":"https:\/\/nextherapy.ch\/fr\/wp-json\/wp\/v2\/pages\/1308","targetHints":{"allow":["GET"]}}],"collection":[{"href":"https:\/\/nextherapy.ch\/fr\/wp-json\/wp\/v2\/pages"}],"about":[{"href":"https:\/\/nextherapy.ch\/fr\/wp-json\/wp\/v2\/types\/page"}],"author":[{"embeddable":true,"href":"https:\/\/nextherapy.ch\/fr\/wp-json\/wp\/v2\/users\/4"}],"replies":[{"embeddable":true,"href":"https:\/\/nextherapy.ch\/fr\/wp-json\/wp\/v2\/comments?post=1308"}],"version-history":[{"count":4,"href":"https:\/\/nextherapy.ch\/fr\/wp-json\/wp\/v2\/pages\/1308\/revisions"}],"predecessor-version":[{"id":1377,"href":"https:\/\/nextherapy.ch\/fr\/wp-json\/wp\/v2\/pages\/1308\/revisions\/1377"}],"wp:attachment":[{"href":"https:\/\/nextherapy.ch\/fr\/wp-json\/wp\/v2\/media?parent=1308"}],"curies":[{"name":"wp","href":"https:\/\/api.w.org\/{rel}","templated":true}]}}