{"id":1296,"date":"2022-11-28T12:47:18","date_gmt":"2022-11-28T12:47:18","guid":{"rendered":"https:\/\/nt.mynewwebsite.be\/press-french\/"},"modified":"2023-03-20T08:24:19","modified_gmt":"2023-03-20T08:24:19","slug":"presse","status":"publish","type":"page","link":"https:\/\/nextherapy.ch\/fr\/presse\/","title":{"rendered":"Presse"},"content":{"rendered":"<div id=\"cs-content\" class=\"cs-content\"><\/div>\n","protected":false},"excerpt":{"rendered":"<p>Presse Chez Nextherapy, nous vous aidons \u00e0 retrouver vos fonctions et votre qualit\u00e9 de vie d&rsquo;une mani\u00e8re mesurable et bas\u00e9e sur des donn\u00e9es.Tages-Anzeiger (28-12-2022)Voir l&rsquo;articleMedinside (09-11-2021)Voir l&rsquo;articleCerebral (01-12-22)Voir l&rsquo;articleSonntagsZeitung (20-03-2022)Voir l&rsquo;articleRothschild &#038; Co (18-11-2021)Voir l&rsquo;articleNau (09-11-2021)Voir l&rsquo;article<\/p>\n","protected":false},"author":4,"featured_media":0,"parent":0,"menu_order":0,"comment_status":"closed","ping_status":"closed","template":"template-blank-4.php","meta":{"_acf_changed":false,"_seopress_robots_primary_cat":"","_seopress_titles_title":"","_seopress_titles_desc":"","_seopress_robots_index":"","inline_featured_image":false,"footnotes":""},"class_list":["post-1296","page","type-page","status-publish","hentry","no-post-thumbnail"],"acf":[],"_links":{"self":[{"href":"https:\/\/nextherapy.ch\/fr\/wp-json\/wp\/v2\/pages\/1296","targetHints":{"allow":["GET"]}}],"collection":[{"href":"https:\/\/nextherapy.ch\/fr\/wp-json\/wp\/v2\/pages"}],"about":[{"href":"https:\/\/nextherapy.ch\/fr\/wp-json\/wp\/v2\/types\/page"}],"author":[{"embeddable":true,"href":"https:\/\/nextherapy.ch\/fr\/wp-json\/wp\/v2\/users\/4"}],"replies":[{"embeddable":true,"href":"https:\/\/nextherapy.ch\/fr\/wp-json\/wp\/v2\/comments?post=1296"}],"version-history":[{"count":5,"href":"https:\/\/nextherapy.ch\/fr\/wp-json\/wp\/v2\/pages\/1296\/revisions"}],"predecessor-version":[{"id":1396,"href":"https:\/\/nextherapy.ch\/fr\/wp-json\/wp\/v2\/pages\/1296\/revisions\/1396"}],"wp:attachment":[{"href":"https:\/\/nextherapy.ch\/fr\/wp-json\/wp\/v2\/media?parent=1296"}],"curies":[{"name":"wp","href":"https:\/\/api.w.org\/{rel}","templated":true}]}}