{"id":1290,"date":"2022-11-28T12:12:01","date_gmt":"2022-11-28T12:12:01","guid":{"rendered":"https:\/\/nt.mynewwebsite.be\/pediatrics-french\/"},"modified":"2024-04-05T11:04:54","modified_gmt":"2024-04-05T11:04:54","slug":"pediatrique","status":"publish","type":"page","link":"https:\/\/nextherapy.ch\/fr\/nos-programmes\/pediatrique\/","title":{"rendered":"P\u00e9diatrique"},"content":{"rendered":"<div id=\"cs-content\" class=\"cs-content\"><\/div>\n","protected":false},"excerpt":{"rendered":"<p>Programme p\u00e9diatrique Nextherapy a \u00e9t\u00e9 cr\u00e9\u00e9 par la m\u00e8re de Nataniel, un gar\u00e7on atteint de paralysie c\u00e9r\u00e9brale. Nous comprenons et r\u00e9pondons aux besoins sp\u00e9cifiques de l&rsquo;enfant et de son entourage. Nous nous occupons d&rsquo;enfants de tous \u00e2ges souffrant de handicaps neurologiques d&rsquo;origine traumatique, cong\u00e9nitale ou d\u00e9veloppementale. Nous proposons des programmes sur mesure pour les enfants et les adolescents. Nous int\u00e9grons &#8230; <\/p>\n<div><a href=\"https:\/\/nextherapy.ch\/fr\/nos-programmes\/pediatrique\/\" class=\"more-link\">Read More<\/a><\/div>\n","protected":false},"author":4,"featured_media":0,"parent":1260,"menu_order":0,"comment_status":"closed","ping_status":"closed","template":"template-blank-4.php","meta":{"_acf_changed":false,"_seopress_robots_primary_cat":"","_seopress_titles_title":"","_seopress_titles_desc":"","_seopress_robots_index":"","inline_featured_image":false,"footnotes":""},"class_list":["post-1290","page","type-page","status-publish","hentry","no-post-thumbnail"],"acf":[],"_links":{"self":[{"href":"https:\/\/nextherapy.ch\/fr\/wp-json\/wp\/v2\/pages\/1290","targetHints":{"allow":["GET"]}}],"collection":[{"href":"https:\/\/nextherapy.ch\/fr\/wp-json\/wp\/v2\/pages"}],"about":[{"href":"https:\/\/nextherapy.ch\/fr\/wp-json\/wp\/v2\/types\/page"}],"author":[{"embeddable":true,"href":"https:\/\/nextherapy.ch\/fr\/wp-json\/wp\/v2\/users\/4"}],"replies":[{"embeddable":true,"href":"https:\/\/nextherapy.ch\/fr\/wp-json\/wp\/v2\/comments?post=1290"}],"version-history":[{"count":4,"href":"https:\/\/nextherapy.ch\/fr\/wp-json\/wp\/v2\/pages\/1290\/revisions"}],"predecessor-version":[{"id":1344,"href":"https:\/\/nextherapy.ch\/fr\/wp-json\/wp\/v2\/pages\/1290\/revisions\/1344"}],"up":[{"embeddable":true,"href":"https:\/\/nextherapy.ch\/fr\/wp-json\/wp\/v2\/pages\/1260"}],"wp:attachment":[{"href":"https:\/\/nextherapy.ch\/fr\/wp-json\/wp\/v2\/media?parent=1290"}],"curies":[{"name":"wp","href":"https:\/\/api.w.org\/{rel}","templated":true}]}}