{"id":1284,"date":"2022-11-28T09:28:28","date_gmt":"2022-11-28T09:28:28","guid":{"rendered":"https:\/\/nt.mynewwebsite.be\/mobility-french\/"},"modified":"2024-04-05T10:50:38","modified_gmt":"2024-04-05T10:50:38","slug":"mobilite","status":"publish","type":"page","link":"https:\/\/nextherapy.ch\/fr\/nos-programmes\/mobilite\/","title":{"rendered":"Mobilit\u00e9"},"content":{"rendered":"<div id=\"cs-content\" class=\"cs-content\"><\/div>\n","protected":false},"excerpt":{"rendered":"<p>Programme de mobilit\u00e9 Premiers pas Con\u00e7u pour les patients ayant pour objectif de pouvoir refaire leurs premiers pas.Marche fonctionnelle Con\u00e7ue pour les patients qui sont capables de faire quelques pas mais qui veulent int\u00e9grer la marche dans leur vie quotidienne.Marche avanc\u00e9e Con\u00e7ue pour les patients qui sont capables de marcher avec un minimum d&rsquo;assistance mais qui souhaitent devenir des marcheurs &#8230; <\/p>\n<div><a href=\"https:\/\/nextherapy.ch\/fr\/nos-programmes\/mobilite\/\" class=\"more-link\">Read More<\/a><\/div>\n","protected":false},"author":4,"featured_media":0,"parent":1260,"menu_order":0,"comment_status":"closed","ping_status":"closed","template":"template-blank-4.php","meta":{"_acf_changed":false,"_seopress_robots_primary_cat":"","_seopress_titles_title":"","_seopress_titles_desc":"","_seopress_robots_index":"","inline_featured_image":false,"footnotes":""},"class_list":["post-1284","page","type-page","status-publish","hentry","no-post-thumbnail"],"acf":[],"_links":{"self":[{"href":"https:\/\/nextherapy.ch\/fr\/wp-json\/wp\/v2\/pages\/1284","targetHints":{"allow":["GET"]}}],"collection":[{"href":"https:\/\/nextherapy.ch\/fr\/wp-json\/wp\/v2\/pages"}],"about":[{"href":"https:\/\/nextherapy.ch\/fr\/wp-json\/wp\/v2\/types\/page"}],"author":[{"embeddable":true,"href":"https:\/\/nextherapy.ch\/fr\/wp-json\/wp\/v2\/users\/4"}],"replies":[{"embeddable":true,"href":"https:\/\/nextherapy.ch\/fr\/wp-json\/wp\/v2\/comments?post=1284"}],"version-history":[{"count":4,"href":"https:\/\/nextherapy.ch\/fr\/wp-json\/wp\/v2\/pages\/1284\/revisions"}],"predecessor-version":[{"id":1382,"href":"https:\/\/nextherapy.ch\/fr\/wp-json\/wp\/v2\/pages\/1284\/revisions\/1382"}],"up":[{"embeddable":true,"href":"https:\/\/nextherapy.ch\/fr\/wp-json\/wp\/v2\/pages\/1260"}],"wp:attachment":[{"href":"https:\/\/nextherapy.ch\/fr\/wp-json\/wp\/v2\/media?parent=1284"}],"curies":[{"name":"wp","href":"https:\/\/api.w.org\/{rel}","templated":true}]}}