{"id":1272,"date":"2022-11-28T12:05:55","date_gmt":"2022-11-28T12:05:55","guid":{"rendered":"https:\/\/nt.mynewwebsite.be\/cognitive-training-french\/"},"modified":"2023-05-10T07:04:18","modified_gmt":"2023-05-10T07:04:18","slug":"de-formation-cognitive","status":"publish","type":"page","link":"https:\/\/nextherapy.ch\/fr\/nos-programmes\/de-formation-cognitive\/","title":{"rendered":"De formation cognitive"},"content":{"rendered":"<div id=\"cs-content\" class=\"cs-content\"><\/div>\n","protected":false},"excerpt":{"rendered":"<p>Programme de formation cognitive Nos neuropsychologues et nos ergoth\u00e9rapeutes travailleront avec vous en utilisant la r\u00e9\u00e9ducation cognitive assist\u00e9e par ordinateur et d&rsquo;autres m\u00e9thodes cognitives adapt\u00e9es \u00e0 vos besoins, \u00e0 votre profession et aux activit\u00e9s de la vie quotidienne. Attention Concentration M\u00e9moire Perception Activit\u00e9s de la vie quotidienne Notre \u00e9quipe d&rsquo;ergoth\u00e9rapeutes travaillera avec vous, en utilisant la r\u00e9\u00e9ducation cognitive assist\u00e9e par &#8230; <\/p>\n<div><a href=\"https:\/\/nextherapy.ch\/fr\/nos-programmes\/de-formation-cognitive\/\" class=\"more-link\">Read More<\/a><\/div>\n","protected":false},"author":4,"featured_media":0,"parent":1260,"menu_order":0,"comment_status":"closed","ping_status":"closed","template":"template-blank-4.php","meta":{"_acf_changed":false,"_seopress_robots_primary_cat":"","_seopress_titles_title":"","_seopress_titles_desc":"","_seopress_robots_index":"","inline_featured_image":false,"footnotes":""},"class_list":["post-1272","page","type-page","status-publish","hentry","no-post-thumbnail"],"acf":[],"_links":{"self":[{"href":"https:\/\/nextherapy.ch\/fr\/wp-json\/wp\/v2\/pages\/1272","targetHints":{"allow":["GET"]}}],"collection":[{"href":"https:\/\/nextherapy.ch\/fr\/wp-json\/wp\/v2\/pages"}],"about":[{"href":"https:\/\/nextherapy.ch\/fr\/wp-json\/wp\/v2\/types\/page"}],"author":[{"embeddable":true,"href":"https:\/\/nextherapy.ch\/fr\/wp-json\/wp\/v2\/users\/4"}],"replies":[{"embeddable":true,"href":"https:\/\/nextherapy.ch\/fr\/wp-json\/wp\/v2\/comments?post=1272"}],"version-history":[{"count":6,"href":"https:\/\/nextherapy.ch\/fr\/wp-json\/wp\/v2\/pages\/1272\/revisions"}],"predecessor-version":[{"id":1785,"href":"https:\/\/nextherapy.ch\/fr\/wp-json\/wp\/v2\/pages\/1272\/revisions\/1785"}],"up":[{"embeddable":true,"href":"https:\/\/nextherapy.ch\/fr\/wp-json\/wp\/v2\/pages\/1260"}],"wp:attachment":[{"href":"https:\/\/nextherapy.ch\/fr\/wp-json\/wp\/v2\/media?parent=1272"}],"curies":[{"name":"wp","href":"https:\/\/api.w.org\/{rel}","templated":true}]}}