{"id":1266,"date":"2022-11-28T10:47:12","date_gmt":"2022-11-28T10:47:12","guid":{"rendered":"https:\/\/nt.mynewwebsite.be\/balance-coordination-french\/"},"modified":"2024-04-05T11:01:04","modified_gmt":"2024-04-05T11:01:04","slug":"equilibre-et-coordination","status":"publish","type":"page","link":"https:\/\/nextherapy.ch\/fr\/nos-programmes\/equilibre-et-coordination\/","title":{"rendered":"\u00c9quilibre et coordination"},"content":{"rendered":"<div id=\"cs-content\" class=\"cs-content\"><\/div>\n","protected":false},"excerpt":{"rendered":"<p>Programme \u00e9quilibre et coordination Adaptation \u00e0 l&rsquo;\u00e9quilibre Con\u00e7u pour les patients dont l&rsquo;objectif est d&rsquo;am\u00e9liorer le contr\u00f4le de la position assise et du tronc, soit comme objectif principal, soit comme pr\u00e9alable \u00e0 des programmes intensifs d&rsquo;entra\u00eenement de l&rsquo;\u00e9quilibre ou de la marche.\u00c9quilibre et coordination pr\u00e9coces Con\u00e7u pour les patients dont l&rsquo;objectif principal est d&rsquo;am\u00e9liorer la stabilit\u00e9 debout et de r\u00e9duire &#8230; <\/p>\n<div><a href=\"https:\/\/nextherapy.ch\/fr\/nos-programmes\/equilibre-et-coordination\/\" class=\"more-link\">Read More<\/a><\/div>\n","protected":false},"author":4,"featured_media":0,"parent":1260,"menu_order":0,"comment_status":"closed","ping_status":"closed","template":"template-blank-4.php","meta":{"_acf_changed":false,"_seopress_robots_primary_cat":"","_seopress_titles_title":"","_seopress_titles_desc":"","_seopress_robots_index":"","inline_featured_image":false,"footnotes":""},"class_list":["post-1266","page","type-page","status-publish","hentry","no-post-thumbnail"],"acf":[],"_links":{"self":[{"href":"https:\/\/nextherapy.ch\/fr\/wp-json\/wp\/v2\/pages\/1266","targetHints":{"allow":["GET"]}}],"collection":[{"href":"https:\/\/nextherapy.ch\/fr\/wp-json\/wp\/v2\/pages"}],"about":[{"href":"https:\/\/nextherapy.ch\/fr\/wp-json\/wp\/v2\/types\/page"}],"author":[{"embeddable":true,"href":"https:\/\/nextherapy.ch\/fr\/wp-json\/wp\/v2\/users\/4"}],"replies":[{"embeddable":true,"href":"https:\/\/nextherapy.ch\/fr\/wp-json\/wp\/v2\/comments?post=1266"}],"version-history":[{"count":4,"href":"https:\/\/nextherapy.ch\/fr\/wp-json\/wp\/v2\/pages\/1266\/revisions"}],"predecessor-version":[{"id":1387,"href":"https:\/\/nextherapy.ch\/fr\/wp-json\/wp\/v2\/pages\/1266\/revisions\/1387"}],"up":[{"embeddable":true,"href":"https:\/\/nextherapy.ch\/fr\/wp-json\/wp\/v2\/pages\/1260"}],"wp:attachment":[{"href":"https:\/\/nextherapy.ch\/fr\/wp-json\/wp\/v2\/media?parent=1266"}],"curies":[{"name":"wp","href":"https:\/\/api.w.org\/{rel}","templated":true}]}}