{"id":1260,"date":"2022-11-28T08:55:58","date_gmt":"2022-11-28T08:55:58","guid":{"rendered":"https:\/\/nt.mynewwebsite.be\/our-programs-french\/"},"modified":"2024-04-05T10:36:57","modified_gmt":"2024-04-05T10:36:57","slug":"nos-programmes","status":"publish","type":"page","link":"https:\/\/nextherapy.ch\/fr\/nos-programmes\/","title":{"rendered":"Nos programmes"},"content":{"rendered":"<div id=\"cs-content\" class=\"cs-content\"><\/div>\n","protected":false},"excerpt":{"rendered":"<p>Nos Programmes Atteignez des objectifs de r\u00e9cup\u00e9ration fonctionnelle qui ont un impact positif sur la qualit\u00e9 de votre vie quotidienne ! Nos programmes sont :Individualis\u00e9s et ax\u00e9s sur un objectif sp\u00e9cifique pour garantir la pertinence et la motivation. La sp\u00e9cificit\u00e9 permet \u00e0 notre cerveau de se concentrer sur un apprentissage \u00e0 la fois, ce qui favorise la neuroplasticit\u00e9 et la &#8230; <\/p>\n<div><a href=\"https:\/\/nextherapy.ch\/fr\/nos-programmes\/\" class=\"more-link\">Read More<\/a><\/div>\n","protected":false},"author":4,"featured_media":0,"parent":0,"menu_order":0,"comment_status":"closed","ping_status":"closed","template":"template-blank-4.php","meta":{"_acf_changed":false,"_seopress_robots_primary_cat":"","_seopress_titles_title":"","_seopress_titles_desc":"","_seopress_robots_index":"","inline_featured_image":false,"footnotes":""},"class_list":["post-1260","page","type-page","status-publish","hentry","no-post-thumbnail"],"acf":[],"_links":{"self":[{"href":"https:\/\/nextherapy.ch\/fr\/wp-json\/wp\/v2\/pages\/1260","targetHints":{"allow":["GET"]}}],"collection":[{"href":"https:\/\/nextherapy.ch\/fr\/wp-json\/wp\/v2\/pages"}],"about":[{"href":"https:\/\/nextherapy.ch\/fr\/wp-json\/wp\/v2\/types\/page"}],"author":[{"embeddable":true,"href":"https:\/\/nextherapy.ch\/fr\/wp-json\/wp\/v2\/users\/4"}],"replies":[{"embeddable":true,"href":"https:\/\/nextherapy.ch\/fr\/wp-json\/wp\/v2\/comments?post=1260"}],"version-history":[{"count":5,"href":"https:\/\/nextherapy.ch\/fr\/wp-json\/wp\/v2\/pages\/1260\/revisions"}],"predecessor-version":[{"id":1380,"href":"https:\/\/nextherapy.ch\/fr\/wp-json\/wp\/v2\/pages\/1260\/revisions\/1380"}],"wp:attachment":[{"href":"https:\/\/nextherapy.ch\/fr\/wp-json\/wp\/v2\/media?parent=1260"}],"curies":[{"name":"wp","href":"https:\/\/api.w.org\/{rel}","templated":true}]}}