{"id":1248,"date":"2022-11-29T13:09:03","date_gmt":"2022-11-29T13:09:03","guid":{"rendered":"https:\/\/nt.mynewwebsite.be\/spinal-cord-injury-french\/"},"modified":"2023-03-17T12:23:51","modified_gmt":"2023-03-17T12:23:51","slug":"lesion-de-la-moelle-epiniere","status":"publish","type":"page","link":"https:\/\/nextherapy.ch\/fr\/indications\/lesion-de-la-moelle-epiniere\/","title":{"rendered":"L\u00e9sion de la moelle \u00e9pini\u00e8re"},"content":{"rendered":"<div id=\"cs-content\" class=\"cs-content\"><\/div>\n","protected":false},"excerpt":{"rendered":"<p>L\u00e9sion de la moelle \u00e9pini\u00e8re Soudainement, vous ne pouvez plus accomplir les t\u00e2ches quotidiennesVous pouvez avoir tout ou partie des probl\u00e8mes suivants : D\u00e9pression &amp; anxi\u00e9t\u00e9Sensations (engourdissement, picotements)IncontinenceProbl\u00e8mes de coordinationFaiblesse musculaire \/ paralysieDouleurSpasticit\u00e9Nous vous aidons \u00e0 retrouver votre qualit\u00e9 de vie Apr\u00e8s une l\u00e9sion de la moelle \u00e9pini\u00e8re, votre vie peut devenir compl\u00e8tement incontr\u00f4lable. Chez Nextherapy, vous serez trait\u00e9 par &#8230; <\/p>\n<div><a href=\"https:\/\/nextherapy.ch\/fr\/indications\/lesion-de-la-moelle-epiniere\/\" class=\"more-link\">Read More<\/a><\/div>\n","protected":false},"author":4,"featured_media":0,"parent":1218,"menu_order":0,"comment_status":"closed","ping_status":"closed","template":"template-blank-4.php","meta":{"_acf_changed":false,"_seopress_robots_primary_cat":"","_seopress_titles_title":"","_seopress_titles_desc":"","_seopress_robots_index":"","inline_featured_image":false,"footnotes":""},"class_list":["post-1248","page","type-page","status-publish","hentry","no-post-thumbnail"],"acf":[],"_links":{"self":[{"href":"https:\/\/nextherapy.ch\/fr\/wp-json\/wp\/v2\/pages\/1248","targetHints":{"allow":["GET"]}}],"collection":[{"href":"https:\/\/nextherapy.ch\/fr\/wp-json\/wp\/v2\/pages"}],"about":[{"href":"https:\/\/nextherapy.ch\/fr\/wp-json\/wp\/v2\/types\/page"}],"author":[{"embeddable":true,"href":"https:\/\/nextherapy.ch\/fr\/wp-json\/wp\/v2\/users\/4"}],"replies":[{"embeddable":true,"href":"https:\/\/nextherapy.ch\/fr\/wp-json\/wp\/v2\/comments?post=1248"}],"version-history":[{"count":4,"href":"https:\/\/nextherapy.ch\/fr\/wp-json\/wp\/v2\/pages\/1248\/revisions"}],"predecessor-version":[{"id":1357,"href":"https:\/\/nextherapy.ch\/fr\/wp-json\/wp\/v2\/pages\/1248\/revisions\/1357"}],"up":[{"embeddable":true,"href":"https:\/\/nextherapy.ch\/fr\/wp-json\/wp\/v2\/pages\/1218"}],"wp:attachment":[{"href":"https:\/\/nextherapy.ch\/fr\/wp-json\/wp\/v2\/media?parent=1248"}],"curies":[{"name":"wp","href":"https:\/\/api.w.org\/{rel}","templated":true}]}}