{"id":1242,"date":"2022-11-29T12:49:54","date_gmt":"2022-11-29T12:49:54","guid":{"rendered":"https:\/\/nt.mynewwebsite.be\/parkinsons-disease-french\/"},"modified":"2023-03-17T12:19:56","modified_gmt":"2023-03-17T12:19:56","slug":"maladie-de-parkinson","status":"publish","type":"page","link":"https:\/\/nextherapy.ch\/fr\/indications\/maladie-de-parkinson\/","title":{"rendered":"Maladie de Parkinson"},"content":{"rendered":"<div id=\"cs-content\" class=\"cs-content\"><\/div>\n","protected":false},"excerpt":{"rendered":"<p>Maladie de Parkinson Vous pouvez avoir tout ou partie des probl\u00e8mes suivants : D\u00e9pression &amp; anxi\u00e9t\u00e9Sensation de froidLenteur ou mobilit\u00e9Difficult\u00e9 \u00e0 marcher \/ risque de chuteProbl\u00e8mes d&rsquo;\u00e9quilibre et de coordinationIncontinenceD\u00e9ficiences cognitives ou de m\u00e9moireFatigueOst\u00e9oporoseRigidit\u00e9DouleurD\u00e9ficience de la paroleTremblementsNous vous aidons \u00e0 retrouver vos fonctions, votre ind\u00e9pendance et votre qualit\u00e9 de vie Chez Nextherapy, vous serez trait\u00e9 par une \u00e9quipe pluridisciplinaire de &#8230; <\/p>\n<div><a href=\"https:\/\/nextherapy.ch\/fr\/indications\/maladie-de-parkinson\/\" class=\"more-link\">Read More<\/a><\/div>\n","protected":false},"author":4,"featured_media":0,"parent":1218,"menu_order":0,"comment_status":"closed","ping_status":"closed","template":"template-blank-4.php","meta":{"_acf_changed":false,"_seopress_robots_primary_cat":"","_seopress_titles_title":"","_seopress_titles_desc":"","_seopress_robots_index":"","inline_featured_image":false,"footnotes":""},"class_list":["post-1242","page","type-page","status-publish","hentry","no-post-thumbnail"],"acf":[],"_links":{"self":[{"href":"https:\/\/nextherapy.ch\/fr\/wp-json\/wp\/v2\/pages\/1242","targetHints":{"allow":["GET"]}}],"collection":[{"href":"https:\/\/nextherapy.ch\/fr\/wp-json\/wp\/v2\/pages"}],"about":[{"href":"https:\/\/nextherapy.ch\/fr\/wp-json\/wp\/v2\/types\/page"}],"author":[{"embeddable":true,"href":"https:\/\/nextherapy.ch\/fr\/wp-json\/wp\/v2\/users\/4"}],"replies":[{"embeddable":true,"href":"https:\/\/nextherapy.ch\/fr\/wp-json\/wp\/v2\/comments?post=1242"}],"version-history":[{"count":4,"href":"https:\/\/nextherapy.ch\/fr\/wp-json\/wp\/v2\/pages\/1242\/revisions"}],"predecessor-version":[{"id":1355,"href":"https:\/\/nextherapy.ch\/fr\/wp-json\/wp\/v2\/pages\/1242\/revisions\/1355"}],"up":[{"embeddable":true,"href":"https:\/\/nextherapy.ch\/fr\/wp-json\/wp\/v2\/pages\/1218"}],"wp:attachment":[{"href":"https:\/\/nextherapy.ch\/fr\/wp-json\/wp\/v2\/media?parent=1242"}],"curies":[{"name":"wp","href":"https:\/\/api.w.org\/{rel}","templated":true}]}}