{"id":1236,"date":"2022-11-29T12:30:30","date_gmt":"2022-11-29T12:30:30","guid":{"rendered":"https:\/\/nt.mynewwebsite.be\/mutiple-sclerosis-french\/"},"modified":"2023-03-24T13:49:32","modified_gmt":"2023-03-24T13:49:32","slug":"sclerose-en-plaques","status":"publish","type":"page","link":"https:\/\/nextherapy.ch\/fr\/indications\/sclerose-en-plaques\/","title":{"rendered":"Scl\u00e9rose en plaques"},"content":{"rendered":"<div id=\"cs-content\" class=\"cs-content\"><\/div>\n","protected":false},"excerpt":{"rendered":"<p>Scl\u00e9rose en plaques Your may have some or all of the following issues: D\u00e9pression &amp; anxi\u00e9t\u00e9\u00c9pilepsiePieds qui tombentDifficult\u00e9 \u00e0 marcher \/ risque de chuteSensations : engourdissement, picotements \/ tremblementsProbl\u00e8mes d&rsquo;\u00e9quilibrePerte de la vision ou de l&rsquo;auditionIncontinenceD\u00e9ficiences cognitives ou de la m\u00e9moireContracturesProbl\u00e8mes de coordination (ataxie)FatigueFaiblesse musculaire \/ paralysieOst\u00e9oporose\u200bDouleurVertigesSpasticit\u00e9D\u00e9ficience de la paroleNous vous aidons \u00e0 retrouver vos fonctions, votre ind\u00e9pendance et votre &#8230; <\/p>\n<div><a href=\"https:\/\/nextherapy.ch\/fr\/indications\/sclerose-en-plaques\/\" class=\"more-link\">Read More<\/a><\/div>\n","protected":false},"author":4,"featured_media":0,"parent":1218,"menu_order":0,"comment_status":"closed","ping_status":"closed","template":"template-blank-4.php","meta":{"_acf_changed":false,"_seopress_robots_primary_cat":"","_seopress_titles_title":"","_seopress_titles_desc":"","_seopress_robots_index":"","inline_featured_image":false,"footnotes":""},"class_list":["post-1236","page","type-page","status-publish","hentry","no-post-thumbnail"],"acf":[],"_links":{"self":[{"href":"https:\/\/nextherapy.ch\/fr\/wp-json\/wp\/v2\/pages\/1236","targetHints":{"allow":["GET"]}}],"collection":[{"href":"https:\/\/nextherapy.ch\/fr\/wp-json\/wp\/v2\/pages"}],"about":[{"href":"https:\/\/nextherapy.ch\/fr\/wp-json\/wp\/v2\/types\/page"}],"author":[{"embeddable":true,"href":"https:\/\/nextherapy.ch\/fr\/wp-json\/wp\/v2\/users\/4"}],"replies":[{"embeddable":true,"href":"https:\/\/nextherapy.ch\/fr\/wp-json\/wp\/v2\/comments?post=1236"}],"version-history":[{"count":5,"href":"https:\/\/nextherapy.ch\/fr\/wp-json\/wp\/v2\/pages\/1236\/revisions"}],"predecessor-version":[{"id":1459,"href":"https:\/\/nextherapy.ch\/fr\/wp-json\/wp\/v2\/pages\/1236\/revisions\/1459"}],"up":[{"embeddable":true,"href":"https:\/\/nextherapy.ch\/fr\/wp-json\/wp\/v2\/pages\/1218"}],"wp:attachment":[{"href":"https:\/\/nextherapy.ch\/fr\/wp-json\/wp\/v2\/media?parent=1236"}],"curies":[{"name":"wp","href":"https:\/\/api.w.org\/{rel}","templated":true}]}}