{"id":1230,"date":"2022-11-29T12:13:22","date_gmt":"2022-11-29T12:13:22","guid":{"rendered":"https:\/\/nt.mynewwebsite.be\/cerebral-palsy-french\/"},"modified":"2023-03-24T13:48:28","modified_gmt":"2023-03-24T13:48:28","slug":"infirmite-motrice-cerebrale","status":"publish","type":"page","link":"https:\/\/nextherapy.ch\/fr\/indications\/infirmite-motrice-cerebrale\/","title":{"rendered":"Infirmit\u00e9 motrice c\u00e9r\u00e9brale"},"content":{"rendered":"<div id=\"cs-content\" class=\"cs-content\"><\/div>\n","protected":false},"excerpt":{"rendered":"<p>Infirmit\u00e9 motrice c\u00e9r\u00e9brale Pour vous, en tant que parent, de nombreuses questions se posent.Votre enfant peut pr\u00e9senter tout ou partie des probl\u00e8mes suivants : D\u00e9pression &amp; anxi\u00e9t\u00e9\u00c9pilepsiePieds qui tombentDifficult\u00e9 \u00e0 marcher \/ risque de chuteSensations : engourdissement, picotements \/ tremblementsProbl\u00e8mes d&rsquo;\u00e9quilibrePerte de la vision ou de l&rsquo;auditionIncontinenceCath\u00e9ter, sonde gastrique, pacemakerD\u00e9ficiences cognitivesContracturesProbl\u00e8mes de coordination (ataxie)FatigueFaiblesse musculaire \/ paralysiePlaies ouvertes \/ escarresOst\u00e9oporoseProbl\u00e8mes &#8230; <\/p>\n<div><a href=\"https:\/\/nextherapy.ch\/fr\/indications\/infirmite-motrice-cerebrale\/\" class=\"more-link\">Read More<\/a><\/div>\n","protected":false},"author":4,"featured_media":0,"parent":1218,"menu_order":0,"comment_status":"closed","ping_status":"closed","template":"template-blank-4.php","meta":{"_acf_changed":false,"_seopress_robots_primary_cat":"","_seopress_titles_title":"","_seopress_titles_desc":"","_seopress_robots_index":"","inline_featured_image":false,"footnotes":""},"class_list":["post-1230","page","type-page","status-publish","hentry","no-post-thumbnail"],"acf":[],"_links":{"self":[{"href":"https:\/\/nextherapy.ch\/fr\/wp-json\/wp\/v2\/pages\/1230","targetHints":{"allow":["GET"]}}],"collection":[{"href":"https:\/\/nextherapy.ch\/fr\/wp-json\/wp\/v2\/pages"}],"about":[{"href":"https:\/\/nextherapy.ch\/fr\/wp-json\/wp\/v2\/types\/page"}],"author":[{"embeddable":true,"href":"https:\/\/nextherapy.ch\/fr\/wp-json\/wp\/v2\/users\/4"}],"replies":[{"embeddable":true,"href":"https:\/\/nextherapy.ch\/fr\/wp-json\/wp\/v2\/comments?post=1230"}],"version-history":[{"count":6,"href":"https:\/\/nextherapy.ch\/fr\/wp-json\/wp\/v2\/pages\/1230\/revisions"}],"predecessor-version":[{"id":1351,"href":"https:\/\/nextherapy.ch\/fr\/wp-json\/wp\/v2\/pages\/1230\/revisions\/1351"}],"up":[{"embeddable":true,"href":"https:\/\/nextherapy.ch\/fr\/wp-json\/wp\/v2\/pages\/1218"}],"wp:attachment":[{"href":"https:\/\/nextherapy.ch\/fr\/wp-json\/wp\/v2\/media?parent=1230"}],"curies":[{"name":"wp","href":"https:\/\/api.w.org\/{rel}","templated":true}]}}