{"id":1224,"date":"2022-11-29T10:14:34","date_gmt":"2022-11-29T10:14:34","guid":{"rendered":"https:\/\/nt.mynewwebsite.be\/acquired-brain-injury-french\/"},"modified":"2023-03-24T13:47:04","modified_gmt":"2023-03-24T13:47:04","slug":"lesion-cerebrale-acquise","status":"publish","type":"page","link":"https:\/\/nextherapy.ch\/fr\/indications\/lesion-cerebrale-acquise\/","title":{"rendered":"L\u00e9sion c\u00e9r\u00e9brale acquise"},"content":{"rendered":"<div id=\"cs-content\" class=\"cs-content\"><\/div>\n","protected":false},"excerpt":{"rendered":"<p>L\u00e9sion c\u00e9r\u00e9brale acquise Soudainement, vous ne pouvez plus accomplir les t\u00e2ches quotidiennes.Vous pouvez avoir tout ou partie des probl\u00e8mes suivants : D\u00e9pression &amp; anxi\u00e9t\u00e9\u00c9pilepsiePieds qui tombentDifficult\u00e9 \u00e0 marcher \/ risque de chuteSensations : engourdissement, picotements \/ tremblementsProbl\u00e8mes d&rsquo;\u00e9quilibrePerte de la vision ou de l&rsquo;auditionIncontinenceCath\u00e9ter, sonde gastrique, pacemakerD\u00e9ficits cognitifsContracturesProbl\u00e8mes de coordination (ataxie)\u200bFatigue\u200bFaiblesse musculaire \/ paralysiePlaies ouvertes \/ escarresOst\u00e9oporoseProbl\u00e8mes de d\u00e9glutitionDouleur\u00c9tourdissementsSpasticit\u00e9D\u00e9ficience de &#8230; <\/p>\n<div><a href=\"https:\/\/nextherapy.ch\/fr\/indications\/lesion-cerebrale-acquise\/\" class=\"more-link\">Read More<\/a><\/div>\n","protected":false},"author":4,"featured_media":0,"parent":1218,"menu_order":0,"comment_status":"closed","ping_status":"closed","template":"template-blank-4.php","meta":{"_acf_changed":false,"_seopress_robots_primary_cat":"","_seopress_titles_title":"","_seopress_titles_desc":"","_seopress_robots_index":"","inline_featured_image":false,"footnotes":""},"class_list":["post-1224","page","type-page","status-publish","hentry","no-post-thumbnail"],"acf":[],"_links":{"self":[{"href":"https:\/\/nextherapy.ch\/fr\/wp-json\/wp\/v2\/pages\/1224","targetHints":{"allow":["GET"]}}],"collection":[{"href":"https:\/\/nextherapy.ch\/fr\/wp-json\/wp\/v2\/pages"}],"about":[{"href":"https:\/\/nextherapy.ch\/fr\/wp-json\/wp\/v2\/types\/page"}],"author":[{"embeddable":true,"href":"https:\/\/nextherapy.ch\/fr\/wp-json\/wp\/v2\/users\/4"}],"replies":[{"embeddable":true,"href":"https:\/\/nextherapy.ch\/fr\/wp-json\/wp\/v2\/comments?post=1224"}],"version-history":[{"count":5,"href":"https:\/\/nextherapy.ch\/fr\/wp-json\/wp\/v2\/pages\/1224\/revisions"}],"predecessor-version":[{"id":1347,"href":"https:\/\/nextherapy.ch\/fr\/wp-json\/wp\/v2\/pages\/1224\/revisions\/1347"}],"up":[{"embeddable":true,"href":"https:\/\/nextherapy.ch\/fr\/wp-json\/wp\/v2\/pages\/1218"}],"wp:attachment":[{"href":"https:\/\/nextherapy.ch\/fr\/wp-json\/wp\/v2\/media?parent=1224"}],"curies":[{"name":"wp","href":"https:\/\/api.w.org\/{rel}","templated":true}]}}