{"id":1218,"date":"2022-11-29T12:07:21","date_gmt":"2022-11-29T12:07:21","guid":{"rendered":"https:\/\/nt.mynewwebsite.be\/indications-french\/"},"modified":"2024-04-05T10:10:08","modified_gmt":"2024-04-05T10:10:08","slug":"indications","status":"publish","type":"page","link":"https:\/\/nextherapy.ch\/fr\/indications\/","title":{"rendered":"Indications"},"content":{"rendered":"<div id=\"cs-content\" class=\"cs-content\"><\/div>\n","protected":false},"excerpt":{"rendered":"<p>Indications Nous traitonsLes handicaps physiques r\u00e9sultant de probl\u00e8mes li\u00e9s au cerveau et \u00e0 la moelle \u00e9pini\u00e8re, y compris, mais non limit\u00e9 \u00e0 : L\u00e9sion c\u00e9r\u00e9brale acquise Plus d&rsquo;infosInfirmit\u00e9 motrice c\u00e9r\u00e9brale Plus d&rsquo;infosScl\u00e9rose en plaques Plus d&rsquo;infosMaladie de Parkinson Plus d&rsquo;infosL\u00e9sions de la moelle \u00e9pini\u00e8re Plus d&rsquo;infosAccident vasculaire c&eacute;r&eacute;bral Plus d&rsquo;infos<\/p>\n","protected":false},"author":4,"featured_media":0,"parent":0,"menu_order":0,"comment_status":"closed","ping_status":"closed","template":"template-blank-4.php","meta":{"_acf_changed":false,"_seopress_robots_primary_cat":"","_seopress_titles_title":"","_seopress_titles_desc":"","_seopress_robots_index":"","inline_featured_image":false,"footnotes":""},"class_list":["post-1218","page","type-page","status-publish","hentry","no-post-thumbnail"],"acf":[],"_links":{"self":[{"href":"https:\/\/nextherapy.ch\/fr\/wp-json\/wp\/v2\/pages\/1218","targetHints":{"allow":["GET"]}}],"collection":[{"href":"https:\/\/nextherapy.ch\/fr\/wp-json\/wp\/v2\/pages"}],"about":[{"href":"https:\/\/nextherapy.ch\/fr\/wp-json\/wp\/v2\/types\/page"}],"author":[{"embeddable":true,"href":"https:\/\/nextherapy.ch\/fr\/wp-json\/wp\/v2\/users\/4"}],"replies":[{"embeddable":true,"href":"https:\/\/nextherapy.ch\/fr\/wp-json\/wp\/v2\/comments?post=1218"}],"version-history":[{"count":6,"href":"https:\/\/nextherapy.ch\/fr\/wp-json\/wp\/v2\/pages\/1218\/revisions"}],"predecessor-version":[{"id":1458,"href":"https:\/\/nextherapy.ch\/fr\/wp-json\/wp\/v2\/pages\/1218\/revisions\/1458"}],"wp:attachment":[{"href":"https:\/\/nextherapy.ch\/fr\/wp-json\/wp\/v2\/media?parent=1218"}],"curies":[{"name":"wp","href":"https:\/\/api.w.org\/{rel}","templated":true}]}}