{"id":1212,"date":"2022-10-07T06:46:17","date_gmt":"2022-10-07T06:46:17","guid":{"rendered":"https:\/\/nt.mynewwebsite.be\/home-fr\/"},"modified":"2023-05-09T08:41:19","modified_gmt":"2023-05-09T08:41:19","slug":"home-2","status":"publish","type":"page","link":"https:\/\/nextherapy.ch\/fr\/","title":{"rendered":"Home"},"content":{"rendered":"<div id=\"cs-content\" class=\"cs-content\"><\/div>\n","protected":false},"excerpt":{"rendered":"<p>Nous aidons les enfants et les adultes handicap\u00e9s \u00e0 faire des progr\u00e8s mesurables et continus Le centre de neuro-r\u00e9habilitation ambulatoire le plus avanc\u00e9 de SuisseChez Nextherapy, nous pensons que les patients peuvent aller mieux \u00e0 tous les stades de l&rsquo;\u00e9volution de leur maladie Contactez-nousOptimisez votre gu\u00e9rison gr\u00e2ce \u00e0 des protocoles th\u00e9rapeutiques personnalis\u00e9s ax\u00e9s sur des objectifs et des donn\u00e9es, dispens\u00e9s &#8230; <\/p>\n<div><a href=\"https:\/\/nextherapy.ch\/fr\/\" class=\"more-link\">Read More<\/a><\/div>\n","protected":false},"author":4,"featured_media":0,"parent":0,"menu_order":0,"comment_status":"closed","ping_status":"closed","template":"template-blank-4.php","meta":{"_acf_changed":false,"_seopress_robots_primary_cat":"","_seopress_titles_title":"","_seopress_titles_desc":"","_seopress_robots_index":"","inline_featured_image":false,"footnotes":""},"class_list":["post-1212","page","type-page","status-publish","hentry","no-post-thumbnail"],"acf":[],"_links":{"self":[{"href":"https:\/\/nextherapy.ch\/fr\/wp-json\/wp\/v2\/pages\/1212","targetHints":{"allow":["GET"]}}],"collection":[{"href":"https:\/\/nextherapy.ch\/fr\/wp-json\/wp\/v2\/pages"}],"about":[{"href":"https:\/\/nextherapy.ch\/fr\/wp-json\/wp\/v2\/types\/page"}],"author":[{"embeddable":true,"href":"https:\/\/nextherapy.ch\/fr\/wp-json\/wp\/v2\/users\/4"}],"replies":[{"embeddable":true,"href":"https:\/\/nextherapy.ch\/fr\/wp-json\/wp\/v2\/comments?post=1212"}],"version-history":[{"count":19,"href":"https:\/\/nextherapy.ch\/fr\/wp-json\/wp\/v2\/pages\/1212\/revisions"}],"predecessor-version":[{"id":1767,"href":"https:\/\/nextherapy.ch\/fr\/wp-json\/wp\/v2\/pages\/1212\/revisions\/1767"}],"wp:attachment":[{"href":"https:\/\/nextherapy.ch\/fr\/wp-json\/wp\/v2\/media?parent=1212"}],"curies":[{"name":"wp","href":"https:\/\/api.w.org\/{rel}","templated":true}]}}