{"id":1206,"date":"2022-11-25T12:33:02","date_gmt":"2022-11-25T12:33:02","guid":{"rendered":"https:\/\/nt.mynewwebsite.be\/founders-story-fr\/"},"modified":"2024-11-28T09:12:15","modified_gmt":"2024-11-28T09:12:15","slug":"histoire-de-la-fondatrice","status":"publish","type":"page","link":"https:\/\/nextherapy.ch\/fr\/histoire-de-la-fondatrice\/","title":{"rendered":"Histoire de la fondatrice"},"content":{"rendered":"<div id=\"cs-content\" class=\"cs-content\"><\/div>\n","protected":false},"excerpt":{"rendered":"<p>Histoire de la fondatrice En 2009, alors que je travaillais \u00e0 New York, mon monde a bascul\u00e9 lorsque mon fils de quatre mois a subi de graves l\u00e9sions c\u00e9r\u00e9brales. J&rsquo;ai d\u00e9cid\u00e9 de prendre du recul par rapport \u00e0 mon travail et de me concentrer sur la recherche de solutions significatives pour favoriser son r\u00e9tablissement, car je ne trouvais aucune solution &#8230; <\/p>\n<div><a href=\"https:\/\/nextherapy.ch\/fr\/histoire-de-la-fondatrice\/\" class=\"more-link\">Read More<\/a><\/div>\n","protected":false},"author":4,"featured_media":0,"parent":0,"menu_order":0,"comment_status":"closed","ping_status":"closed","template":"template-blank-4.php","meta":{"_acf_changed":false,"_seopress_robots_primary_cat":"","_seopress_titles_title":"","_seopress_titles_desc":"","_seopress_robots_index":"","inline_featured_image":false,"footnotes":""},"class_list":["post-1206","page","type-page","status-publish","hentry","no-post-thumbnail"],"acf":[],"_links":{"self":[{"href":"https:\/\/nextherapy.ch\/fr\/wp-json\/wp\/v2\/pages\/1206","targetHints":{"allow":["GET"]}}],"collection":[{"href":"https:\/\/nextherapy.ch\/fr\/wp-json\/wp\/v2\/pages"}],"about":[{"href":"https:\/\/nextherapy.ch\/fr\/wp-json\/wp\/v2\/types\/page"}],"author":[{"embeddable":true,"href":"https:\/\/nextherapy.ch\/fr\/wp-json\/wp\/v2\/users\/4"}],"replies":[{"embeddable":true,"href":"https:\/\/nextherapy.ch\/fr\/wp-json\/wp\/v2\/comments?post=1206"}],"version-history":[{"count":6,"href":"https:\/\/nextherapy.ch\/fr\/wp-json\/wp\/v2\/pages\/1206\/revisions"}],"predecessor-version":[{"id":1393,"href":"https:\/\/nextherapy.ch\/fr\/wp-json\/wp\/v2\/pages\/1206\/revisions\/1393"}],"wp:attachment":[{"href":"https:\/\/nextherapy.ch\/fr\/wp-json\/wp\/v2\/media?parent=1206"}],"curies":[{"name":"wp","href":"https:\/\/api.w.org\/{rel}","templated":true}]}}