{"id":1200,"date":"2022-11-28T15:41:21","date_gmt":"2022-11-28T15:41:21","guid":{"rendered":"https:\/\/nt.mynewwebsite.be\/contact-fr\/"},"modified":"2024-05-21T07:21:38","modified_gmt":"2024-05-21T07:21:38","slug":"contactez","status":"publish","type":"page","link":"https:\/\/nextherapy.ch\/fr\/contactez\/","title":{"rendered":"Contactez"},"content":{"rendered":"<div id=\"cs-content\" class=\"cs-content\"><\/div>\n","protected":false},"excerpt":{"rendered":"<p>Commencez votre gu\u00e9rison \u00ab\u00a0*\u00a0\u00bb indique les champs n\u00e9cessaires Nom*E-mail*T\u00e9l\u00e9phone*Objectifs de la r\u00e9habilitationConsent En m&rsquo;inscrivant, j&rsquo;accepte les conditions d&rsquo;utilisation et la politique de confidentialit\u00e9. Contactez-nous Appelez-nous au +41 44 216 99 90<\/p>\n","protected":false},"author":4,"featured_media":0,"parent":0,"menu_order":0,"comment_status":"closed","ping_status":"closed","template":"template-blank-4.php","meta":{"_acf_changed":false,"_seopress_robots_primary_cat":"","_seopress_titles_title":"","_seopress_titles_desc":"","_seopress_robots_index":"","inline_featured_image":false,"footnotes":""},"class_list":["post-1200","page","type-page","status-publish","hentry","no-post-thumbnail"],"acf":[],"_links":{"self":[{"href":"https:\/\/nextherapy.ch\/fr\/wp-json\/wp\/v2\/pages\/1200","targetHints":{"allow":["GET"]}}],"collection":[{"href":"https:\/\/nextherapy.ch\/fr\/wp-json\/wp\/v2\/pages"}],"about":[{"href":"https:\/\/nextherapy.ch\/fr\/wp-json\/wp\/v2\/types\/page"}],"author":[{"embeddable":true,"href":"https:\/\/nextherapy.ch\/fr\/wp-json\/wp\/v2\/users\/4"}],"replies":[{"embeddable":true,"href":"https:\/\/nextherapy.ch\/fr\/wp-json\/wp\/v2\/comments?post=1200"}],"version-history":[{"count":6,"href":"https:\/\/nextherapy.ch\/fr\/wp-json\/wp\/v2\/pages\/1200\/revisions"}],"predecessor-version":[{"id":1460,"href":"https:\/\/nextherapy.ch\/fr\/wp-json\/wp\/v2\/pages\/1200\/revisions\/1460"}],"wp:attachment":[{"href":"https:\/\/nextherapy.ch\/fr\/wp-json\/wp\/v2\/media?parent=1200"}],"curies":[{"name":"wp","href":"https:\/\/api.w.org\/{rel}","templated":true}]}}