{"id":1192,"date":"2022-11-25T14:16:43","date_gmt":"2022-11-25T14:16:43","guid":{"rendered":"https:\/\/nt.mynewwebsite.be\/approach-fr\/"},"modified":"2023-03-24T14:03:51","modified_gmt":"2023-03-24T14:03:51","slug":"approche","status":"publish","type":"page","link":"https:\/\/nextherapy.ch\/fr\/approche\/","title":{"rendered":"Approche"},"content":{"rendered":"<div id=\"cs-content\" class=\"cs-content\"><\/div>\n","protected":false},"excerpt":{"rendered":"<p>Approche Approche visant \u00e0 am\u00e9liorer les r\u00e9sultats du traitement Nous sommes sp\u00e9cialis\u00e9s dans les patients atteints de troubles neurologiques qui ont besoin d&rsquo;une r\u00e9\u00e9ducation intensive ou de th\u00e9rapies hebdomadaires pour poursuivre leur r\u00e9tablissement.R\u00e9\u00e9ducation intensive Maximisez le\u202fsucc\u00e8s de votre th\u00e9rapie \u202favec jusqu&rsquo;\u00e0 80 fois plus de mouvements qu&rsquo;un traitement conventionnel. Am\u00e9liorez vos performances gr\u00e2ce \u00e0 des protocoles de r\u00e9\u00e9ducation multidisciplinaires intensifs, &#8230; <\/p>\n<div><a href=\"https:\/\/nextherapy.ch\/fr\/cool_timeline\/determination-des-objectifs\/\" class=\"more-link\">Read More<\/a><\/div>\n","protected":false},"author":4,"featured_media":0,"parent":0,"menu_order":0,"comment_status":"closed","ping_status":"closed","template":"template-blank-4.php","meta":{"_acf_changed":false,"_seopress_robots_primary_cat":"","_seopress_titles_title":"","_seopress_titles_desc":"","_seopress_robots_index":"","inline_featured_image":false,"footnotes":""},"class_list":["post-1192","page","type-page","status-publish","hentry","no-post-thumbnail"],"acf":[],"_links":{"self":[{"href":"https:\/\/nextherapy.ch\/fr\/wp-json\/wp\/v2\/pages\/1192","targetHints":{"allow":["GET"]}}],"collection":[{"href":"https:\/\/nextherapy.ch\/fr\/wp-json\/wp\/v2\/pages"}],"about":[{"href":"https:\/\/nextherapy.ch\/fr\/wp-json\/wp\/v2\/types\/page"}],"author":[{"embeddable":true,"href":"https:\/\/nextherapy.ch\/fr\/wp-json\/wp\/v2\/users\/4"}],"replies":[{"embeddable":true,"href":"https:\/\/nextherapy.ch\/fr\/wp-json\/wp\/v2\/comments?post=1192"}],"version-history":[{"count":8,"href":"https:\/\/nextherapy.ch\/fr\/wp-json\/wp\/v2\/pages\/1192\/revisions"}],"predecessor-version":[{"id":1456,"href":"https:\/\/nextherapy.ch\/fr\/wp-json\/wp\/v2\/pages\/1192\/revisions\/1456"}],"wp:attachment":[{"href":"https:\/\/nextherapy.ch\/fr\/wp-json\/wp\/v2\/media?parent=1192"}],"curies":[{"name":"wp","href":"https:\/\/api.w.org\/{rel}","templated":true}]}}